{"id":213,"date":"2025-02-22T15:30:11","date_gmt":"2025-02-22T15:30:11","guid":{"rendered":"https:\/\/filavis.com\/home\/"},"modified":"2025-05-18T13:14:26","modified_gmt":"2025-05-18T13:14:26","slug":"home","status":"publish","type":"page","link":"https:\/\/filavis.com\/en\/","title":{"rendered":"Home"},"content":{"rendered":"<div data-elementor-type=\"wp-page\" data-elementor-id=\"213\" class=\"elementor elementor-213\">\n\t\t\t\t<div class=\"elementor-element elementor-element-93a966b e-flex e-con-boxed e-con e-parent\" data-id=\"93a966b\" data-element_type=\"container\" data-e-type=\"container\" data-settings=\"{&quot;background_background&quot;:&quot;classic&quot;}\">\n\t\t\t\t\t<div class=\"e-con-inner\">\n\t\t<div class=\"elementor-element elementor-element-018abcf e-con-full e-flex e-con e-child\" data-id=\"018abcf\" data-element_type=\"container\" data-e-type=\"container\">\n\t\t\t\t<div class=\"elementor-element elementor-element-7c5ac53 elementor-widget elementor-widget-image-box\" data-id=\"7c5ac53\" data-element_type=\"widget\" data-e-type=\"widget\" data-widget_type=\"image-box.default\">\n\t\t\t\t<div class=\"elementor-widget-container\">\n\t\t\t\t\t<div class=\"elementor-image-box-wrapper\"><div class=\"elementor-image-box-content\"><h1 class=\"elementor-image-box-title\">Welcome to Filavis<\/h1><p class=\"elementor-image-box-description\">\u0130ki farkl\u0131 alanda uzman markalar bir arada. Y\u00fcksek performansl\u0131 IT \u00f6l\u00e7\u00fcm teknolojileri i\u00e7in Filavis IT Networks, ihtiya\u00e7lar\u0131n\u0131za \u00f6zel \u00e7anta ve k\u0131l\u0131f \u00e7\u00f6z\u00fcmleri i\u00e7in Filavis Bags&amp;Cases.<\/p><\/div><\/div>\t\t\t\t<\/div>\n\t\t\t\t<\/div>\n\t\t<div class=\"elementor-element elementor-element-4b31cda e-con-full e-flex e-con e-child\" data-id=\"4b31cda\" data-element_type=\"container\" data-e-type=\"container\">\n\t\t<div class=\"elementor-element elementor-element-ff6a699 e-con-full e-flex e-con e-child\" data-id=\"ff6a699\" data-element_type=\"container\" data-e-type=\"container\">\n\t\t\t\t<div class=\"elementor-element elementor-element-d5b442c elementor-align-center elementor-mobile-align-center elementor-widget__width-auto elementor-widget elementor-widget-button\" data-id=\"d5b442c\" data-element_type=\"widget\" data-e-type=\"widget\" data-widget_type=\"button.default\">\n\t\t\t\t<div class=\"elementor-widget-container\">\n\t\t\t\t\t\t\t\t\t<div class=\"elementor-button-wrapper\">\n\t\t\t\t\t<a class=\"elementor-button elementor-button-link elementor-size-lg\" href=\"https:\/\/filavis.com\/en\/itnetworks\/\">\n\t\t\t\t\t\t<span class=\"elementor-button-content-wrapper\">\n\t\t\t\t\t\t\t\t\t<span class=\"elementor-button-text\">IT NETWORKS<\/span>\n\t\t\t\t\t<\/span>\n\t\t\t\t\t<\/a>\n\t\t\t\t<\/div>\n\t\t\t\t\t\t\t\t<\/div>\n\t\t\t\t<\/div>\n\t\t\t\t<\/div>\n\t\t<div class=\"elementor-element elementor-element-1287f27 e-con-full e-flex e-con e-child\" data-id=\"1287f27\" data-element_type=\"container\" data-e-type=\"container\">\n\t\t\t\t<div class=\"elementor-element elementor-element-fb6dd67 elementor-align-center elementor-mobile-align-center elementor-widget elementor-widget-button\" data-id=\"fb6dd67\" data-element_type=\"widget\" data-e-type=\"widget\" data-widget_type=\"button.default\">\n\t\t\t\t<div class=\"elementor-widget-container\">\n\t\t\t\t\t\t\t\t\t<div class=\"elementor-button-wrapper\">\n\t\t\t\t\t<a class=\"elementor-button elementor-button-link elementor-size-lg\" href=\"#\">\n\t\t\t\t\t\t<span class=\"elementor-button-content-wrapper\">\n\t\t\t\t\t\t\t\t\t<span class=\"elementor-button-text\">Bags &amp; cases<\/span>\n\t\t\t\t\t<\/span>\n\t\t\t\t\t<\/a>\n\t\t\t\t<\/div>\n\t\t\t\t\t\t\t\t<\/div>\n\t\t\t\t<\/div>\n\t\t\t\t<\/div>\n\t\t\t\t<\/div>\n\t\t\t\t<\/div>\n\t\t\t\t\t<\/div>\n\t\t\t\t<\/div>\n\t\t<div class=\"elementor-element elementor-element-7ce0046 e-flex e-con-boxed e-con e-parent\" data-id=\"7ce0046\" data-element_type=\"container\" data-e-type=\"container\">\n\t\t\t\t\t<div class=\"e-con-inner\">\n\t\t<a class=\"eael-wrapper-link-6eaedaf --eael-wrapper-link-tag\" href=\"https:\/\/filavis.com\/en\/itnetworks\/\"><\/a><div data-eael-wrapper-link=\"eael-wrapper-link-6eaedaf\" class=\"elementor-element elementor-element-6eaedaf e-con-full e-flex e-con e-child\" data-id=\"6eaedaf\" data-element_type=\"container\" data-e-type=\"container\" data-settings=\"{&quot;background_background&quot;:&quot;classic&quot;}\">\n\t\t\t\t<div class=\"elementor-element elementor-element-9160df0 elementor-widget elementor-widget-heading\" data-id=\"9160df0\" data-element_type=\"widget\" data-e-type=\"widget\" data-widget_type=\"heading.default\">\n\t\t\t\t<div class=\"elementor-widget-container\">\n\t\t\t\t\t<h2 class=\"elementor-heading-title elementor-size-default\"><a href=\"https:\/\/filavis.com\/en\/itnetworks\/\">IT Networks<\/a><\/h2>\t\t\t\t<\/div>\n\t\t\t\t<\/div>\n\t\t<a class=\"eael-wrapper-link-2ceb37f --eael-wrapper-link-tag\" href=\"https:\/\/filavis.com\/en\/itnetworks\/\"><\/a>\t\t<div data-eael-wrapper-link=\"eael-wrapper-link-2ceb37f\" class=\"elementor-element elementor-element-2ceb37f elementor-widget elementor-widget-text-editor\" data-id=\"2ceb37f\" data-element_type=\"widget\" data-e-type=\"widget\" data-widget_type=\"text-editor.default\">\n\t\t\t\t<div class=\"elementor-widget-container\">\n\t\t\t\t\t\t\t\t\t<p>Explore cutting-edge measurement technologies to optimize your network for performance, security, and scalability.<\/p>\t\t\t\t\t\t\t\t<\/div>\n\t\t\t\t<\/div>\n\t\t\t\t<\/div>\n\t\t<div class=\"elementor-element elementor-element-0a492be e-con-full e-flex e-con e-child\" data-id=\"0a492be\" data-element_type=\"container\" data-e-type=\"container\" data-settings=\"{&quot;background_background&quot;:&quot;classic&quot;}\">\n\t\t\t\t<div class=\"elementor-element elementor-element-4613dbb elementor-widget elementor-widget-heading\" data-id=\"4613dbb\" data-element_type=\"widget\" data-e-type=\"widget\" data-widget_type=\"heading.default\">\n\t\t\t\t<div class=\"elementor-widget-container\">\n\t\t\t\t\t<h2 class=\"elementor-heading-title elementor-size-default\"><a href=\"\/en\/services\/#service-2\">Bags &amp; Cases<\/a><\/h2>\t\t\t\t<\/div>\n\t\t\t\t<\/div>\n\t\t\t\t<div class=\"elementor-element elementor-element-5180210 elementor-widget elementor-widget-text-editor\" data-id=\"5180210\" data-element_type=\"widget\" data-e-type=\"widget\" data-widget_type=\"text-editor.default\">\n\t\t\t\t<div class=\"elementor-widget-container\">\n\t\t\t\t\t\t\t\t\t<p>Discover high-quality, tailored bags and cases designed to meet your unique business needs.<\/p>\t\t\t\t\t\t\t\t<\/div>\n\t\t\t\t<\/div>\n\t\t\t\t<\/div>\n\t\t\t\t\t<\/div>\n\t\t\t\t<\/div>\n\t\t<div class=\"elementor-element elementor-element-adf2e66 e-flex e-con-boxed e-con e-parent\" data-id=\"adf2e66\" data-element_type=\"container\" data-e-type=\"container\">\n\t\t\t\t\t<div class=\"e-con-inner\">\n\t\t<div class=\"elementor-element elementor-element-1484cea e-con-full e-flex e-con e-child\" data-id=\"1484cea\" data-element_type=\"container\" data-e-type=\"container\">\n\t\t\t\t<div class=\"elementor-element elementor-element-dfaa4ac elementor-widget elementor-widget-heading\" data-id=\"dfaa4ac\" data-element_type=\"widget\" data-e-type=\"widget\" data-widget_type=\"heading.default\">\n\t\t\t\t<div class=\"elementor-widget-container\">\n\t\t\t\t\t<h2 class=\"elementor-heading-title elementor-size-default\">Two companies, One vision<\/h2>\t\t\t\t<\/div>\n\t\t\t\t<\/div>\n\t\t\t\t<\/div>\n\t\t<div class=\"elementor-element elementor-element-9e967ca e-con-full e-flex e-con e-child\" data-id=\"9e967ca\" data-element_type=\"container\" data-e-type=\"container\">\n\t\t\t\t<div class=\"elementor-element elementor-element-e15f0d4 elementor-widget elementor-widget-text-editor\" data-id=\"e15f0d4\" data-element_type=\"widget\" data-e-type=\"widget\" data-widget_type=\"text-editor.default\">\n\t\t\t\t<div class=\"elementor-widget-container\">\n\t\t\t\t\t\t\t\t\t<p>Whether through cutting-edge IT technology or practical solutions for bags and cases, we strive to be the trusted partner for businesses across industries, offering tools and products that our customers can depends on.<\/p>\t\t\t\t\t\t\t\t<\/div>\n\t\t\t\t<\/div>\n\t\t\t\t<div class=\"elementor-element elementor-element-77398d6 elementor-tablet-align-center elementor-widget elementor-widget-button\" data-id=\"77398d6\" data-element_type=\"widget\" data-e-type=\"widget\" data-widget_type=\"button.default\">\n\t\t\t\t<div class=\"elementor-widget-container\">\n\t\t\t\t\t\t\t\t\t<div class=\"elementor-button-wrapper\">\n\t\t\t\t\t<a class=\"elementor-button elementor-button-link elementor-size-sm\" href=\"https:\/\/filavis.com\/en\/about\/\">\n\t\t\t\t\t\t<span class=\"elementor-button-content-wrapper\">\n\t\t\t\t\t\t\t\t\t<span class=\"elementor-button-text\">Get in touch<\/span>\n\t\t\t\t\t<\/span>\n\t\t\t\t\t<\/a>\n\t\t\t\t<\/div>\n\t\t\t\t\t\t\t\t<\/div>\n\t\t\t\t<\/div>\n\t\t\t\t<\/div>\n\t\t\t\t\t<\/div>\n\t\t\t\t<\/div>\n\t\t<div class=\"elementor-element elementor-element-d970c71 e-flex e-con-boxed e-con e-parent\" data-id=\"d970c71\" data-element_type=\"container\" data-e-type=\"container\" data-settings=\"{&quot;background_background&quot;:&quot;classic&quot;}\">\n\t\t\t\t\t<div class=\"e-con-inner\">\n\t\t<div class=\"elementor-element elementor-element-a5be9c4 e-con-full e-flex e-con e-child\" data-id=\"a5be9c4\" data-element_type=\"container\" data-e-type=\"container\">\n\t\t\t\t<div class=\"elementor-element elementor-element-0bcd6d3 elementor-widget elementor-widget-image-box\" data-id=\"0bcd6d3\" data-element_type=\"widget\" data-e-type=\"widget\" data-widget_type=\"image-box.default\">\n\t\t\t\t<div class=\"elementor-widget-container\">\n\t\t\t\t\t<div class=\"elementor-image-box-wrapper\"><div class=\"elementor-image-box-content\"><h2 class=\"elementor-image-box-title\">Get in touch<\/h2><p class=\"elementor-image-box-description\">Have questions or need a customized solution? Reach out to us.<\/p><\/div><\/div>\t\t\t\t<\/div>\n\t\t\t\t<\/div>\n\t\t\t\t<div class=\"elementor-element elementor-element-7698d76 elementor-align-center elementor-widget elementor-widget-button\" data-id=\"7698d76\" data-element_type=\"widget\" data-e-type=\"widget\" data-widget_type=\"button.default\">\n\t\t\t\t<div class=\"elementor-widget-container\">\n\t\t\t\t\t\t\t\t\t<div class=\"elementor-button-wrapper\">\n\t\t\t\t\t<a class=\"elementor-button elementor-button-link elementor-size-lg\" href=\"https:\/\/filavis.com\/en\/contact\/\">\n\t\t\t\t\t\t<span class=\"elementor-button-content-wrapper\">\n\t\t\t\t\t\t\t\t\t<span class=\"elementor-button-text\">Contact<\/span>\n\t\t\t\t\t<\/span>\n\t\t\t\t\t<\/a>\n\t\t\t\t<\/div>\n\t\t\t\t\t\t\t\t<\/div>\n\t\t\t\t<\/div>\n\t\t\t\t<\/div>\n\t\t\t\t\t<\/div>\n\t\t\t\t<\/div>\n\t\t\t\t<\/div>","protected":false},"excerpt":{"rendered":"<p>Filavis&#8217;e Ho\u015fgeldiniz \u0130ki farkl\u0131 alanda uzman markalar bir arada. Y\u00fcksek performansl\u0131 IT \u00f6l\u00e7\u00fcm teknolojileri i\u00e7in Filavis IT Networks, ihtiya\u00e7lar\u0131n\u0131za \u00f6zel \u00e7anta ve k\u0131l\u0131f \u00e7\u00f6z\u00fcmleri i\u00e7in Filavis Bags&#038;Cases. IT NETWORKS Bags &#038; cases IT Networks \u0130leri teknoloji \u00f6l\u00e7\u00fcm \u00e7\u00f6z\u00fcmlerini ke\u015ffedin; a\u011f\u0131n\u0131z\u0131n performans\u0131n\u0131, g\u00fcvenli\u011fini ve \u00f6l\u00e7eklenebilirli\u011fini en \u00fcst d\u00fczeye \u00e7\u0131kar\u0131n. Bags &#038; Cases \u0130\u015fletmenizin \u00f6zel ihtiya\u00e7lar\u0131na g\u00f6re [&hellip;]<\/p>\n","protected":false},"author":1,"featured_media":0,"parent":0,"menu_order":0,"comment_status":"closed","ping_status":"closed","template":"","meta":{"site-sidebar-layout":"no-sidebar","site-content-layout":"page-builder","ast-site-content-layout":"full-width-container","site-content-style":"unboxed","site-sidebar-style":"unboxed","ast-global-header-display":"","ast-banner-title-visibility":"","ast-main-header-display":"","ast-hfb-above-header-display":"","ast-hfb-below-header-display":"","ast-hfb-mobile-header-display":"","site-post-title":"disabled","ast-breadcrumbs-content":"","ast-featured-img":"","footer-sml-layout":"","ast-disable-related-posts":"","theme-transparent-header-meta":"enabled","adv-header-id-meta":"","stick-header-meta":"","header-above-stick-meta":"","header-main-stick-meta":"","header-below-stick-meta":"","astra-migrate-meta-layouts":"set","ast-page-background-enabled":"default","ast-page-background-meta":{"desktop":{"background-color":"","background-image":"","background-repeat":"repeat","background-position":"center center","background-size":"auto","background-attachment":"scroll","background-type":"","background-media":"","overlay-type":"","overlay-color":"","overlay-opacity":"","overlay-gradient":""},"tablet":{"background-color":"","background-image":"","background-repeat":"repeat","background-position":"center center","background-size":"auto","background-attachment":"scroll","background-type":"","background-media":"","overlay-type":"","overlay-color":"","overlay-opacity":"","overlay-gradient":""},"mobile":{"background-color":"","background-image":"","background-repeat":"repeat","background-position":"center center","background-size":"auto","background-attachment":"scroll","background-type":"","background-media":"","overlay-type":"","overlay-color":"","overlay-opacity":"","overlay-gradient":""}},"ast-content-background-meta":{"desktop":{"background-color":"var(--ast-global-color-5)","background-image":"","background-repeat":"repeat","background-position":"center center","background-size":"auto","background-attachment":"scroll","background-type":"","background-media":"","overlay-type":"","overlay-color":"","overlay-opacity":"","overlay-gradient":""},"tablet":{"background-color":"var(--ast-global-color-5)","background-image":"","background-repeat":"repeat","background-position":"center center","background-size":"auto","background-attachment":"scroll","background-type":"","background-media":"","overlay-type":"","overlay-color":"","overlay-opacity":"","overlay-gradient":""},"mobile":{"background-color":"var(--ast-global-color-5)","background-image":"","background-repeat":"repeat","background-position":"center center","background-size":"auto","background-attachment":"scroll","background-type":"","background-media":"","overlay-type":"","overlay-color":"","overlay-opacity":"","overlay-gradient":""}},"footnotes":""},"class_list":["post-213","page","type-page","status-publish","hentry"],"yoast_head":"<!-- This site is optimized with the Yoast SEO plugin v26.8 - https:\/\/yoast.com\/product\/yoast-seo-wordpress\/ -->\n<title>Home - Welcome to Filavis<\/title>\n<meta name=\"robots\" content=\"noindex, follow, max-snippet:-1, max-image-preview:large, max-video-preview:-1\" \/>\n<meta property=\"og:locale\" content=\"en_US\" \/>\n<meta property=\"og:type\" content=\"article\" \/>\n<meta property=\"og:title\" content=\"Home - Welcome to Filavis\" \/>\n<meta property=\"og:description\" content=\"Filavis&#8217;e Ho\u015fgeldiniz \u0130ki farkl\u0131 alanda uzman markalar bir arada. Y\u00fcksek performansl\u0131 IT \u00f6l\u00e7\u00fcm teknolojileri i\u00e7in Filavis IT Networks, ihtiya\u00e7lar\u0131n\u0131za \u00f6zel \u00e7anta ve k\u0131l\u0131f \u00e7\u00f6z\u00fcmleri i\u00e7in Filavis Bags&#038;Cases. IT NETWORKS Bags &#038; cases IT Networks \u0130leri teknoloji \u00f6l\u00e7\u00fcm \u00e7\u00f6z\u00fcmlerini ke\u015ffedin; a\u011f\u0131n\u0131z\u0131n performans\u0131n\u0131, g\u00fcvenli\u011fini ve \u00f6l\u00e7eklenebilirli\u011fini en \u00fcst d\u00fczeye \u00e7\u0131kar\u0131n. Bags &#038; Cases \u0130\u015fletmenizin \u00f6zel ihtiya\u00e7lar\u0131na g\u00f6re [&hellip;]\" \/>\n<meta property=\"og:url\" content=\"https:\/\/filavis.com\/en\/\" \/>\n<meta property=\"og:site_name\" content=\"Welcome to Filavis\" \/>\n<meta property=\"article:modified_time\" content=\"2025-05-18T13:14:26+00:00\" \/>\n<meta name=\"twitter:card\" content=\"summary_large_image\" \/>\n<meta name=\"twitter:label1\" content=\"Est. reading time\" \/>\n\t<meta name=\"twitter:data1\" content=\"1 minute\" \/>\n<script type=\"application\/ld+json\" class=\"yoast-schema-graph\">{\"@context\":\"https:\/\/schema.org\",\"@graph\":[{\"@type\":\"WebPage\",\"@id\":\"https:\/\/filavis.com\/\",\"url\":\"https:\/\/filavis.com\/\",\"name\":\"Home - Welcome to Filavis\",\"isPartOf\":{\"@id\":\"https:\/\/filavis.com\/#website\"},\"datePublished\":\"2025-02-22T15:30:11+00:00\",\"dateModified\":\"2025-05-18T13:14:26+00:00\",\"breadcrumb\":{\"@id\":\"https:\/\/filavis.com\/#breadcrumb\"},\"inLanguage\":\"en-US\",\"potentialAction\":[{\"@type\":\"ReadAction\",\"target\":[\"https:\/\/filavis.com\/\"]}]},{\"@type\":\"BreadcrumbList\",\"@id\":\"https:\/\/filavis.com\/#breadcrumb\",\"itemListElement\":[{\"@type\":\"ListItem\",\"position\":1,\"name\":\"Home\",\"item\":\"https:\/\/filavis.com\/\"},{\"@type\":\"ListItem\",\"position\":2,\"name\":\"Home\"}]},{\"@type\":\"WebSite\",\"@id\":\"https:\/\/filavis.com\/#website\",\"url\":\"https:\/\/filavis.com\/\",\"name\":\"Welcome to Filavis\",\"description\":\"Filavis Home\",\"publisher\":{\"@id\":\"https:\/\/filavis.com\/#organization\"},\"potentialAction\":[{\"@type\":\"SearchAction\",\"target\":{\"@type\":\"EntryPoint\",\"urlTemplate\":\"https:\/\/filavis.com\/?s={search_term_string}\"},\"query-input\":{\"@type\":\"PropertyValueSpecification\",\"valueRequired\":true,\"valueName\":\"search_term_string\"}}],\"inLanguage\":\"en-US\"},{\"@type\":\"Organization\",\"@id\":\"https:\/\/filavis.com\/#organization\",\"name\":\"Welcome to Filavis\",\"url\":\"https:\/\/filavis.com\/\",\"logo\":{\"@type\":\"ImageObject\",\"inLanguage\":\"en-US\",\"@id\":\"https:\/\/filavis.com\/#\/schema\/logo\/image\/\",\"url\":\"https:\/\/filavis.com\/wp-content\/uploads\/2025\/04\/cropped-it-networks-transparent.png\",\"contentUrl\":\"https:\/\/filavis.com\/wp-content\/uploads\/2025\/04\/cropped-it-networks-transparent.png\",\"width\":2293,\"height\":908,\"caption\":\"Welcome to Filavis\"},\"image\":{\"@id\":\"https:\/\/filavis.com\/#\/schema\/logo\/image\/\"}}]}<\/script>\n<!-- \/ Yoast SEO plugin. -->","yoast_head_json":{"title":"Home - Welcome to Filavis","robots":{"index":"noindex","follow":"follow","max-snippet":"max-snippet:-1","max-image-preview":"max-image-preview:large","max-video-preview":"max-video-preview:-1"},"og_locale":"en_US","og_type":"article","og_title":"Home - Welcome to Filavis","og_description":"Filavis&#8217;e Ho\u015fgeldiniz \u0130ki farkl\u0131 alanda uzman markalar bir arada. Y\u00fcksek performansl\u0131 IT \u00f6l\u00e7\u00fcm teknolojileri i\u00e7in Filavis IT Networks, ihtiya\u00e7lar\u0131n\u0131za \u00f6zel \u00e7anta ve k\u0131l\u0131f \u00e7\u00f6z\u00fcmleri i\u00e7in Filavis Bags&#038;Cases. IT NETWORKS Bags &#038; cases IT Networks \u0130leri teknoloji \u00f6l\u00e7\u00fcm \u00e7\u00f6z\u00fcmlerini ke\u015ffedin; a\u011f\u0131n\u0131z\u0131n performans\u0131n\u0131, g\u00fcvenli\u011fini ve \u00f6l\u00e7eklenebilirli\u011fini en \u00fcst d\u00fczeye \u00e7\u0131kar\u0131n. Bags &#038; Cases \u0130\u015fletmenizin \u00f6zel ihtiya\u00e7lar\u0131na g\u00f6re [&hellip;]","og_url":"https:\/\/filavis.com\/en\/","og_site_name":"Welcome to Filavis","article_modified_time":"2025-05-18T13:14:26+00:00","twitter_card":"summary_large_image","twitter_misc":{"Est. reading time":"1 minute"},"schema":{"@context":"https:\/\/schema.org","@graph":[{"@type":"WebPage","@id":"https:\/\/filavis.com\/","url":"https:\/\/filavis.com\/","name":"Home - Welcome to Filavis","isPartOf":{"@id":"https:\/\/filavis.com\/#website"},"datePublished":"2025-02-22T15:30:11+00:00","dateModified":"2025-05-18T13:14:26+00:00","breadcrumb":{"@id":"https:\/\/filavis.com\/#breadcrumb"},"inLanguage":"en-US","potentialAction":[{"@type":"ReadAction","target":["https:\/\/filavis.com\/"]}]},{"@type":"BreadcrumbList","@id":"https:\/\/filavis.com\/#breadcrumb","itemListElement":[{"@type":"ListItem","position":1,"name":"Home","item":"https:\/\/filavis.com\/"},{"@type":"ListItem","position":2,"name":"Home"}]},{"@type":"WebSite","@id":"https:\/\/filavis.com\/#website","url":"https:\/\/filavis.com\/","name":"Welcome to Filavis","description":"Filavis Home","publisher":{"@id":"https:\/\/filavis.com\/#organization"},"potentialAction":[{"@type":"SearchAction","target":{"@type":"EntryPoint","urlTemplate":"https:\/\/filavis.com\/?s={search_term_string}"},"query-input":{"@type":"PropertyValueSpecification","valueRequired":true,"valueName":"search_term_string"}}],"inLanguage":"en-US"},{"@type":"Organization","@id":"https:\/\/filavis.com\/#organization","name":"Welcome to Filavis","url":"https:\/\/filavis.com\/","logo":{"@type":"ImageObject","inLanguage":"en-US","@id":"https:\/\/filavis.com\/#\/schema\/logo\/image\/","url":"https:\/\/filavis.com\/wp-content\/uploads\/2025\/04\/cropped-it-networks-transparent.png","contentUrl":"https:\/\/filavis.com\/wp-content\/uploads\/2025\/04\/cropped-it-networks-transparent.png","width":2293,"height":908,"caption":"Welcome to Filavis"},"image":{"@id":"https:\/\/filavis.com\/#\/schema\/logo\/image\/"}}]}},"_links":{"self":[{"href":"https:\/\/filavis.com\/en\/wp-json\/wp\/v2\/pages\/213","targetHints":{"allow":["GET"]}}],"collection":[{"href":"https:\/\/filavis.com\/en\/wp-json\/wp\/v2\/pages"}],"about":[{"href":"https:\/\/filavis.com\/en\/wp-json\/wp\/v2\/types\/page"}],"author":[{"embeddable":true,"href":"https:\/\/filavis.com\/en\/wp-json\/wp\/v2\/users\/1"}],"replies":[{"embeddable":true,"href":"https:\/\/filavis.com\/en\/wp-json\/wp\/v2\/comments?post=213"}],"version-history":[{"count":86,"href":"https:\/\/filavis.com\/en\/wp-json\/wp\/v2\/pages\/213\/revisions"}],"predecessor-version":[{"id":1990,"href":"https:\/\/filavis.com\/en\/wp-json\/wp\/v2\/pages\/213\/revisions\/1990"}],"wp:attachment":[{"href":"https:\/\/filavis.com\/en\/wp-json\/wp\/v2\/media?parent=213"}],"curies":[{"name":"wp","href":"https:\/\/api.w.org\/{rel}","templated":true}]}}