{"id":214,"date":"2025-02-22T15:30:11","date_gmt":"2025-02-22T15:30:11","guid":{"rendered":"https:\/\/filavis.com\/about\/"},"modified":"2025-05-11T14:23:43","modified_gmt":"2025-05-11T14:23:43","slug":"about","status":"publish","type":"page","link":"https:\/\/filavis.com\/en\/about\/","title":{"rendered":"About"},"content":{"rendered":"<div data-elementor-type=\"wp-page\" data-elementor-id=\"214\" class=\"elementor elementor-214\">\n\t\t\t\t<div class=\"elementor-element elementor-element-9010cd0 e-flex e-con-boxed e-con e-parent\" data-id=\"9010cd0\" data-element_type=\"container\" data-e-type=\"container\" data-settings=\"{&quot;background_background&quot;:&quot;classic&quot;}\">\n\t\t\t\t\t<div class=\"e-con-inner\">\n\t\t<div class=\"elementor-element elementor-element-5a69cc7 e-con-full e-flex e-con e-child\" data-id=\"5a69cc7\" data-element_type=\"container\" data-e-type=\"container\">\n\t\t\t\t<div class=\"elementor-element elementor-element-f184ec7 elementor-widget elementor-widget-heading\" data-id=\"f184ec7\" data-element_type=\"widget\" data-e-type=\"widget\" data-widget_type=\"heading.default\">\n\t\t\t\t<div class=\"elementor-widget-container\">\n\t\t\t\t\t<h1 class=\"elementor-heading-title elementor-size-default\">About Us<\/h1>\t\t\t\t<\/div>\n\t\t\t\t<\/div>\n\t\t\t\t<\/div>\n\t\t\t\t\t<\/div>\n\t\t\t\t<\/div>\n\t\t<div class=\"elementor-element elementor-element-a529ccb e-flex e-con-boxed e-con e-parent\" data-id=\"a529ccb\" data-element_type=\"container\" data-e-type=\"container\">\n\t\t\t\t\t<div class=\"e-con-inner\">\n\t\t<div class=\"elementor-element elementor-element-83324c1 e-con-full e-flex e-con e-child\" data-id=\"83324c1\" data-element_type=\"container\" data-e-type=\"container\">\n\t\t\t\t<div class=\"elementor-element elementor-element-45f990c elementor-widget elementor-widget-heading\" data-id=\"45f990c\" data-element_type=\"widget\" data-e-type=\"widget\" data-widget_type=\"heading.default\">\n\t\t\t\t<div class=\"elementor-widget-container\">\n\t\t\t\t\t<h2 class=\"elementor-heading-title elementor-size-default\">Two companies, One vision<\/h2>\t\t\t\t<\/div>\n\t\t\t\t<\/div>\n\t\t\t\t<\/div>\n\t\t<div class=\"elementor-element elementor-element-c4f6020 e-con-full e-flex e-con e-child\" data-id=\"c4f6020\" data-element_type=\"container\" data-e-type=\"container\">\n\t\t\t\t<div class=\"elementor-element elementor-element-7f646ff elementor-widget elementor-widget-text-editor\" data-id=\"7f646ff\" data-element_type=\"widget\" data-e-type=\"widget\" data-widget_type=\"text-editor.default\">\n\t\t\t\t<div class=\"elementor-widget-container\">\n\t\t\t\t\t\t\t\t\t<p class=\"translation-block\">Filavis is a company built on  <strong>excellence<\/strong>, <strong>innovation<\/strong>, and <strong>reliability<\/strong>, serving businesses across industries through <strong>two specialized business units:<\/strong><\/p><h4 data-start=\"367\" data-end=\"397\"><strong data-start=\"372\" data-end=\"395\">Filavis IT Networks<\/strong><\/h4><p class=\"translation-block\">We provide  <strong>cutting-edge IT infrastructure measurement technologies<\/strong> that help businesses optimize network performance, enhance security, and scale efficiently. Our solutions empower companies to monitor and manage their IT networks with precision, ensuring seamless operations.<\/p><p class=\"translation-block\">As the main distributor of <strong>Softing IT Networks<\/strong>  in Turkey, we bring state-of-the-art <strong>fiber and copper cabling test and measurement devices<\/strong> to our customers, and support them at every stage with our after-sales technical support and consultancy services.<\/p><h4 data-start=\"682\" data-end=\"705\"><strong data-start=\"687\" data-end=\"703\">Filavis Bags<\/strong><\/h4><p class=\"translation-block\">We design and manufacture <strong>customized bags and cases<\/strong> tailored to meet the specific needs of businesses. Whether for protecting specialized equipment, organizing tools, or creating branded business accessories, our high-quality solutions combine <strong>functionality, durability, and style.<\/strong><\/p><p>At Filavis, although we specialize in two distinct fields, we operate with a single vision: to contribute to the sustainable success of businesses by providing high-quality, reliable, and tailored solutions that meet their specific needs.<\/p>\t\t\t\t\t\t\t\t<\/div>\n\t\t\t\t<\/div>\n\t\t\t\t<\/div>\n\t\t\t\t\t<\/div>\n\t\t\t\t<\/div>\n\t\t<div class=\"elementor-element elementor-element-b8ecf27 e-flex e-con-boxed e-con e-parent\" data-id=\"b8ecf27\" data-element_type=\"container\" data-e-type=\"container\" data-settings=\"{&quot;background_background&quot;:&quot;classic&quot;}\">\n\t\t\t\t\t<div class=\"e-con-inner\">\n\t\t<div class=\"elementor-element elementor-element-a77a16d e-con-full e-flex e-con e-child\" data-id=\"a77a16d\" data-element_type=\"container\" data-e-type=\"container\">\n\t\t\t\t<div class=\"elementor-element elementor-element-a068337 elementor-widget elementor-widget-image-box\" data-id=\"a068337\" data-element_type=\"widget\" data-e-type=\"widget\" data-widget_type=\"image-box.default\">\n\t\t\t\t<div class=\"elementor-widget-container\">\n\t\t\t\t\t<div class=\"elementor-image-box-wrapper\"><div class=\"elementor-image-box-content\"><h2 class=\"elementor-image-box-title\">Mission<\/h2><p class=\"elementor-image-box-description\">Filavis olarak, i\u015fletmelere son teknoloji IT \u00f6l\u00e7\u00fcm \u00e7\u00f6z\u00fcmleri ve \u00f6zel tasar\u0131m \u00e7anta &amp; k\u0131l\u0131flar sunarak farkl\u0131 sekt\u00f6rlerde verimlilik, g\u00fcvenlik ve g\u00fcvenilirli\u011fi art\u0131rmalar\u0131na yard\u0131mc\u0131 oluyoruz.<\/p><\/div><\/div>\t\t\t\t<\/div>\n\t\t\t\t<\/div>\n\t\t\t\t<\/div>\n\t\t<div class=\"elementor-element elementor-element-3aa5dc7 e-con-full e-flex e-con e-child\" data-id=\"3aa5dc7\" data-element_type=\"container\" data-e-type=\"container\">\n\t\t\t\t<div class=\"elementor-element elementor-element-d4fba09 elementor-widget elementor-widget-image-box\" data-id=\"d4fba09\" data-element_type=\"widget\" data-e-type=\"widget\" data-widget_type=\"image-box.default\">\n\t\t\t\t<div class=\"elementor-widget-container\">\n\t\t\t\t\t<div class=\"elementor-image-box-wrapper\"><div class=\"elementor-image-box-content\"><h2 class=\"elementor-image-box-title\">Vision<\/h2><p class=\"elementor-image-box-description\">To be a trusted partner in both IT network solutions and custom accessories, setting industry standards in precision, quality, and innovation.<\/p><\/div><\/div>\t\t\t\t<\/div>\n\t\t\t\t<\/div>\n\t\t\t\t<\/div>\n\t\t<div class=\"elementor-element elementor-element-fb13782 e-con-full e-flex e-con e-child\" data-id=\"fb13782\" data-element_type=\"container\" data-e-type=\"container\">\n\t\t\t\t<div class=\"elementor-element elementor-element-0a49ce4 elementor-widget elementor-widget-heading\" data-id=\"0a49ce4\" data-element_type=\"widget\" data-e-type=\"widget\" data-widget_type=\"heading.default\">\n\t\t\t\t<div class=\"elementor-widget-container\">\n\t\t\t\t\t<h2 class=\"elementor-heading-title elementor-size-default\">Values<\/h2>\t\t\t\t<\/div>\n\t\t\t\t<\/div>\n\t\t\t\t<div class=\"elementor-element elementor-element-c71cf66 elementor-icon-list--layout-traditional elementor-list-item-link-full_width elementor-widget elementor-widget-icon-list\" data-id=\"c71cf66\" data-element_type=\"widget\" data-e-type=\"widget\" data-widget_type=\"icon-list.default\">\n\t\t\t\t<div class=\"elementor-widget-container\">\n\t\t\t\t\t\t\t<ul class=\"elementor-icon-list-items\">\n\t\t\t\t\t\t\t<li class=\"elementor-icon-list-item\">\n\t\t\t\t\t\t\t\t\t\t\t<span class=\"elementor-icon-list-icon\">\n\t\t\t\t\t\t\t<svg aria-hidden=\"true\" class=\"e-font-icon-svg e-fas-caret-right\" viewbox=\"0 0 192 512\" xmlns=\"http:\/\/www.w3.org\/2000\/svg\"><path d=\"M0 384.662V127.338c0-17.818 21.543-26.741 34.142-14.142l128.662 128.662c7.81 7.81 7.81 20.474 0 28.284L34.142 398.804C21.543 411.404 0 402.48 0 384.662z\"><\/path><\/svg>\t\t\t\t\t\t<\/span>\n\t\t\t\t\t\t\t\t\t\t<span class=\"elementor-icon-list-text\">Innovation &amp; Excellence<\/span>\n\t\t\t\t\t\t\t\t\t<\/li>\n\t\t\t\t\t\t\t\t<li class=\"elementor-icon-list-item\">\n\t\t\t\t\t\t\t\t\t\t\t<span class=\"elementor-icon-list-icon\">\n\t\t\t\t\t\t\t<svg aria-hidden=\"true\" class=\"e-font-icon-svg e-fas-caret-right\" viewbox=\"0 0 192 512\" xmlns=\"http:\/\/www.w3.org\/2000\/svg\"><path d=\"M0 384.662V127.338c0-17.818 21.543-26.741 34.142-14.142l128.662 128.662c7.81 7.81 7.81 20.474 0 28.284L34.142 398.804C21.543 411.404 0 402.48 0 384.662z\"><\/path><\/svg>\t\t\t\t\t\t<\/span>\n\t\t\t\t\t\t\t\t\t\t<span class=\"elementor-icon-list-text\">Customer-Centric Approach<\/span>\n\t\t\t\t\t\t\t\t\t<\/li>\n\t\t\t\t\t\t\t\t<li class=\"elementor-icon-list-item\">\n\t\t\t\t\t\t\t\t\t\t\t<span class=\"elementor-icon-list-icon\">\n\t\t\t\t\t\t\t<svg aria-hidden=\"true\" class=\"e-font-icon-svg e-fas-caret-right\" viewbox=\"0 0 192 512\" xmlns=\"http:\/\/www.w3.org\/2000\/svg\"><path d=\"M0 384.662V127.338c0-17.818 21.543-26.741 34.142-14.142l128.662 128.662c7.81 7.81 7.81 20.474 0 28.284L34.142 398.804C21.543 411.404 0 402.48 0 384.662z\"><\/path><\/svg>\t\t\t\t\t\t<\/span>\n\t\t\t\t\t\t\t\t\t\t<span class=\"elementor-icon-list-text\">Quality &amp; Reliability<\/span>\n\t\t\t\t\t\t\t\t\t<\/li>\n\t\t\t\t\t\t<\/ul>\n\t\t\t\t\t\t<\/div>\n\t\t\t\t<\/div>\n\t\t\t\t<\/div>\n\t\t\t\t\t<\/div>\n\t\t\t\t<\/div>\n\t\t\t\t<\/div>","protected":false},"excerpt":{"rendered":"<p>Hakk\u0131mm\u0131zda \u0130ki \u015eirket, Tek Vizyon Filavis m\u00fckemmeliyet, yenilik\u00e7ilik ve g\u00fcvenilirlik temelleri \u00fczerine kurulmu\u015f bir \u015firkettir. Farkl\u0131 sekt\u00f6rlerdeki i\u015fletmelere, iki alan\u0131nda uzmanla\u015fm\u0131\u015f i\u015f birimimizle hizmet veriyoruz: Filavis IT Networks \u0130\u015fletmelerin a\u011f performans\u0131n\u0131 en \u00fcst d\u00fczeye \u00e7\u0131karmas\u0131na, g\u00fcvenlik d\u00fczeyini art\u0131rmas\u0131na ve altyap\u0131lar\u0131n\u0131 verimli \u015fekilde b\u00fcy\u00fctmesine yard\u0131mc\u0131 olan ileri d\u00fczey IT altyap\u0131 \u00f6l\u00e7\u00fcm ve test \u00e7\u00f6z\u00fcmleri sunuyoruz. Softing [&hellip;]<\/p>\n","protected":false},"author":1,"featured_media":0,"parent":0,"menu_order":0,"comment_status":"closed","ping_status":"closed","template":"","meta":{"site-sidebar-layout":"no-sidebar","site-content-layout":"page-builder","ast-site-content-layout":"default","site-content-style":"default","site-sidebar-style":"default","ast-global-header-display":"","ast-banner-title-visibility":"","ast-main-header-display":"","ast-hfb-above-header-display":"","ast-hfb-below-header-display":"","ast-hfb-mobile-header-display":"","site-post-title":"disabled","ast-breadcrumbs-content":"","ast-featured-img":"","footer-sml-layout":"","ast-disable-related-posts":"","theme-transparent-header-meta":"enabled","adv-header-id-meta":"","stick-header-meta":"","header-above-stick-meta":"","header-main-stick-meta":"","header-below-stick-meta":"","astra-migrate-meta-layouts":"default","ast-page-background-enabled":"default","ast-page-background-meta":{"desktop":{"background-color":"","background-image":"","background-repeat":"repeat","background-position":"center center","background-size":"auto","background-attachment":"scroll","background-type":"","background-media":"","overlay-type":"","overlay-color":"","overlay-opacity":"","overlay-gradient":""},"tablet":{"background-color":"","background-image":"","background-repeat":"repeat","background-position":"center center","background-size":"auto","background-attachment":"scroll","background-type":"","background-media":"","overlay-type":"","overlay-color":"","overlay-opacity":"","overlay-gradient":""},"mobile":{"background-color":"","background-image":"","background-repeat":"repeat","background-position":"center center","background-size":"auto","background-attachment":"scroll","background-type":"","background-media":"","overlay-type":"","overlay-color":"","overlay-opacity":"","overlay-gradient":""}},"ast-content-background-meta":{"desktop":{"background-color":"var(--ast-global-color-5)","background-image":"","background-repeat":"repeat","background-position":"center center","background-size":"auto","background-attachment":"scroll","background-type":"","background-media":"","overlay-type":"","overlay-color":"","overlay-opacity":"","overlay-gradient":""},"tablet":{"background-color":"var(--ast-global-color-5)","background-image":"","background-repeat":"repeat","background-position":"center center","background-size":"auto","background-attachment":"scroll","background-type":"","background-media":"","overlay-type":"","overlay-color":"","overlay-opacity":"","overlay-gradient":""},"mobile":{"background-color":"var(--ast-global-color-5)","background-image":"","background-repeat":"repeat","background-position":"center center","background-size":"auto","background-attachment":"scroll","background-type":"","background-media":"","overlay-type":"","overlay-color":"","overlay-opacity":"","overlay-gradient":""}},"footnotes":""},"class_list":["post-214","page","type-page","status-publish","hentry"],"yoast_head":"<!-- This site is optimized with the Yoast SEO plugin v26.8 - https:\/\/yoast.com\/product\/yoast-seo-wordpress\/ -->\n<title>About - Welcome to Filavis<\/title>\n<meta name=\"robots\" content=\"noindex, follow, max-snippet:-1, max-image-preview:large, max-video-preview:-1\" \/>\n<meta property=\"og:locale\" content=\"en_US\" \/>\n<meta property=\"og:type\" content=\"article\" \/>\n<meta property=\"og:title\" content=\"About - Welcome to Filavis\" \/>\n<meta property=\"og:description\" content=\"Hakk\u0131mm\u0131zda \u0130ki \u015eirket, Tek Vizyon Filavis m\u00fckemmeliyet, yenilik\u00e7ilik ve g\u00fcvenilirlik temelleri \u00fczerine kurulmu\u015f bir \u015firkettir. Farkl\u0131 sekt\u00f6rlerdeki i\u015fletmelere, iki alan\u0131nda uzmanla\u015fm\u0131\u015f i\u015f birimimizle hizmet veriyoruz: Filavis IT Networks \u0130\u015fletmelerin a\u011f performans\u0131n\u0131 en \u00fcst d\u00fczeye \u00e7\u0131karmas\u0131na, g\u00fcvenlik d\u00fczeyini art\u0131rmas\u0131na ve altyap\u0131lar\u0131n\u0131 verimli \u015fekilde b\u00fcy\u00fctmesine yard\u0131mc\u0131 olan ileri d\u00fczey IT altyap\u0131 \u00f6l\u00e7\u00fcm ve test \u00e7\u00f6z\u00fcmleri sunuyoruz. Softing [&hellip;]\" \/>\n<meta property=\"og:url\" content=\"https:\/\/filavis.com\/en\/about\/\" \/>\n<meta property=\"og:site_name\" content=\"Welcome to Filavis\" \/>\n<meta property=\"article:modified_time\" content=\"2025-05-11T14:23:43+00:00\" \/>\n<meta name=\"twitter:card\" content=\"summary_large_image\" \/>\n<meta name=\"twitter:label1\" content=\"Est. reading time\" \/>\n\t<meta name=\"twitter:data1\" content=\"1 minute\" \/>\n<script type=\"application\/ld+json\" class=\"yoast-schema-graph\">{\"@context\":\"https:\/\/schema.org\",\"@graph\":[{\"@type\":\"WebPage\",\"@id\":\"https:\/\/filavis.com\/about\/\",\"url\":\"https:\/\/filavis.com\/about\/\",\"name\":\"About - Welcome to Filavis\",\"isPartOf\":{\"@id\":\"https:\/\/filavis.com\/#website\"},\"datePublished\":\"2025-02-22T15:30:11+00:00\",\"dateModified\":\"2025-05-11T14:23:43+00:00\",\"breadcrumb\":{\"@id\":\"https:\/\/filavis.com\/about\/#breadcrumb\"},\"inLanguage\":\"en-US\",\"potentialAction\":[{\"@type\":\"ReadAction\",\"target\":[\"https:\/\/filavis.com\/about\/\"]}]},{\"@type\":\"BreadcrumbList\",\"@id\":\"https:\/\/filavis.com\/about\/#breadcrumb\",\"itemListElement\":[{\"@type\":\"ListItem\",\"position\":1,\"name\":\"Home\",\"item\":\"https:\/\/filavis.com\/\"},{\"@type\":\"ListItem\",\"position\":2,\"name\":\"About\"}]},{\"@type\":\"WebSite\",\"@id\":\"https:\/\/filavis.com\/#website\",\"url\":\"https:\/\/filavis.com\/\",\"name\":\"Welcome to Filavis\",\"description\":\"Filavis Home\",\"publisher\":{\"@id\":\"https:\/\/filavis.com\/#organization\"},\"potentialAction\":[{\"@type\":\"SearchAction\",\"target\":{\"@type\":\"EntryPoint\",\"urlTemplate\":\"https:\/\/filavis.com\/?s={search_term_string}\"},\"query-input\":{\"@type\":\"PropertyValueSpecification\",\"valueRequired\":true,\"valueName\":\"search_term_string\"}}],\"inLanguage\":\"en-US\"},{\"@type\":\"Organization\",\"@id\":\"https:\/\/filavis.com\/#organization\",\"name\":\"Welcome to Filavis\",\"url\":\"https:\/\/filavis.com\/\",\"logo\":{\"@type\":\"ImageObject\",\"inLanguage\":\"en-US\",\"@id\":\"https:\/\/filavis.com\/#\/schema\/logo\/image\/\",\"url\":\"https:\/\/filavis.com\/wp-content\/uploads\/2025\/04\/cropped-it-networks-transparent.png\",\"contentUrl\":\"https:\/\/filavis.com\/wp-content\/uploads\/2025\/04\/cropped-it-networks-transparent.png\",\"width\":2293,\"height\":908,\"caption\":\"Welcome to Filavis\"},\"image\":{\"@id\":\"https:\/\/filavis.com\/#\/schema\/logo\/image\/\"}}]}<\/script>\n<!-- \/ Yoast SEO plugin. -->","yoast_head_json":{"title":"About - Welcome to Filavis","robots":{"index":"noindex","follow":"follow","max-snippet":"max-snippet:-1","max-image-preview":"max-image-preview:large","max-video-preview":"max-video-preview:-1"},"og_locale":"en_US","og_type":"article","og_title":"About - Welcome to Filavis","og_description":"Hakk\u0131mm\u0131zda \u0130ki \u015eirket, Tek Vizyon Filavis m\u00fckemmeliyet, yenilik\u00e7ilik ve g\u00fcvenilirlik temelleri \u00fczerine kurulmu\u015f bir \u015firkettir. Farkl\u0131 sekt\u00f6rlerdeki i\u015fletmelere, iki alan\u0131nda uzmanla\u015fm\u0131\u015f i\u015f birimimizle hizmet veriyoruz: Filavis IT Networks \u0130\u015fletmelerin a\u011f performans\u0131n\u0131 en \u00fcst d\u00fczeye \u00e7\u0131karmas\u0131na, g\u00fcvenlik d\u00fczeyini art\u0131rmas\u0131na ve altyap\u0131lar\u0131n\u0131 verimli \u015fekilde b\u00fcy\u00fctmesine yard\u0131mc\u0131 olan ileri d\u00fczey IT altyap\u0131 \u00f6l\u00e7\u00fcm ve test \u00e7\u00f6z\u00fcmleri sunuyoruz. Softing [&hellip;]","og_url":"https:\/\/filavis.com\/en\/about\/","og_site_name":"Welcome to Filavis","article_modified_time":"2025-05-11T14:23:43+00:00","twitter_card":"summary_large_image","twitter_misc":{"Est. reading time":"1 minute"},"schema":{"@context":"https:\/\/schema.org","@graph":[{"@type":"WebPage","@id":"https:\/\/filavis.com\/about\/","url":"https:\/\/filavis.com\/about\/","name":"About - Welcome to Filavis","isPartOf":{"@id":"https:\/\/filavis.com\/#website"},"datePublished":"2025-02-22T15:30:11+00:00","dateModified":"2025-05-11T14:23:43+00:00","breadcrumb":{"@id":"https:\/\/filavis.com\/about\/#breadcrumb"},"inLanguage":"en-US","potentialAction":[{"@type":"ReadAction","target":["https:\/\/filavis.com\/about\/"]}]},{"@type":"BreadcrumbList","@id":"https:\/\/filavis.com\/about\/#breadcrumb","itemListElement":[{"@type":"ListItem","position":1,"name":"Home","item":"https:\/\/filavis.com\/"},{"@type":"ListItem","position":2,"name":"About"}]},{"@type":"WebSite","@id":"https:\/\/filavis.com\/#website","url":"https:\/\/filavis.com\/","name":"Welcome to Filavis","description":"Filavis Home","publisher":{"@id":"https:\/\/filavis.com\/#organization"},"potentialAction":[{"@type":"SearchAction","target":{"@type":"EntryPoint","urlTemplate":"https:\/\/filavis.com\/?s={search_term_string}"},"query-input":{"@type":"PropertyValueSpecification","valueRequired":true,"valueName":"search_term_string"}}],"inLanguage":"en-US"},{"@type":"Organization","@id":"https:\/\/filavis.com\/#organization","name":"Welcome to Filavis","url":"https:\/\/filavis.com\/","logo":{"@type":"ImageObject","inLanguage":"en-US","@id":"https:\/\/filavis.com\/#\/schema\/logo\/image\/","url":"https:\/\/filavis.com\/wp-content\/uploads\/2025\/04\/cropped-it-networks-transparent.png","contentUrl":"https:\/\/filavis.com\/wp-content\/uploads\/2025\/04\/cropped-it-networks-transparent.png","width":2293,"height":908,"caption":"Welcome to Filavis"},"image":{"@id":"https:\/\/filavis.com\/#\/schema\/logo\/image\/"}}]}},"_links":{"self":[{"href":"https:\/\/filavis.com\/en\/wp-json\/wp\/v2\/pages\/214","targetHints":{"allow":["GET"]}}],"collection":[{"href":"https:\/\/filavis.com\/en\/wp-json\/wp\/v2\/pages"}],"about":[{"href":"https:\/\/filavis.com\/en\/wp-json\/wp\/v2\/types\/page"}],"author":[{"embeddable":true,"href":"https:\/\/filavis.com\/en\/wp-json\/wp\/v2\/users\/1"}],"replies":[{"embeddable":true,"href":"https:\/\/filavis.com\/en\/wp-json\/wp\/v2\/comments?post=214"}],"version-history":[{"count":9,"href":"https:\/\/filavis.com\/en\/wp-json\/wp\/v2\/pages\/214\/revisions"}],"predecessor-version":[{"id":1966,"href":"https:\/\/filavis.com\/en\/wp-json\/wp\/v2\/pages\/214\/revisions\/1966"}],"wp:attachment":[{"href":"https:\/\/filavis.com\/en\/wp-json\/wp\/v2\/media?parent=214"}],"curies":[{"name":"wp","href":"https:\/\/api.w.org\/{rel}","templated":true}]}}